{"id":7069,"date":"2022-08-01T05:43:27","date_gmt":"2022-08-01T05:43:27","guid":{"rendered":"https:\/\/flexoffice.swiss\/?page_id=7069"},"modified":"2024-04-15T18:48:41","modified_gmt":"2024-04-15T18:48:41","slug":"durabilite","status":"publish","type":"page","link":"https:\/\/flexoffice.swiss\/fr\/durabilite\/","title":{"rendered":"Durabilit\u00e9"},"content":{"rendered":"<div id=\"block_c8b20708f98e967b6b94420d9cae613a\" class=\"block-hero  l-block\">\n  \n  \n<div class=\"membership-hero bg_primary-lighter d-flex align-items-sm-center min-vh-100\">\n    <div class=\"container\">\n        <div class=\"row align-items-center\">\n            <div class=\"col-md-8 col-lg-7\">\n                <span class=\"h3 mb-2 d-block\">Un monde o\u00f9 espaces de travail et durabilit\u00e9 peuvent coexister<\/span><h1>Cela n\u2019est possible qu\u2019en faisant preuve de sens de responsabilit\u00e9<\/h1>            <\/div>\n        <\/div>\n    <\/div>\n<\/div>\n\n<\/div>\n\n\n      <div id=\"block_fe5c0029eab8984c273f67b095d333c4\" class=\"block-membership  l-block\">\n  \n  \n        <div class=\"space-top\">\n            <div class=\"container\">\n                <div class=\"row\">\n                    <div class=\"col-lg-10 offset-lg-1 pe-lg-0\">\n                        <h3 class=\"mb-0 alt\">Nous cr\u00e9ons des espaces de travail o\u00f9 de grandes id\u00e9es prennent vie gr\u00e2ce \u00e0 des personnes formidables. Nous sommes conscients que les b\u00e2timents sont responsables de 36% des \u00e9missions de carbone* C\u2019est pour cette raison que la question de la durabilit\u00e9 nous tient \u00e0 c\u0153ur depuis toujours. Mais nous ne nous arr\u00eatons pas l\u00e0. Nous nous engageons activement pour l\u2019harmonie entre les personnes et nos espaces de travail, mais aussi entre nos espaces de travail et l\u2019environnement. FlexOffice a pour objectif de r\u00e9utiliser efficacement les espaces pour pouvoir les partager avec d\u2019autres.<\/h3><p><\/p><p>Cela n\u2019est possible qu\u2019en faisant preuve de sens de responsabilit\u00e9<\/p>\n                    <\/div>\n                <\/div>\n            <\/div>\n        <\/div>\n            <div class=\"space\">\n            <div class=\"container\">\n                <div class=\"box-content\">\n\n                    <div class=\"bg_blue\"><span>83%<\/span><em>de notre \u00e9lectricit\u00e9 provient de sources d\u2019\u00e9nergie renouvelables.\n<\/em><\/div><div class=\"bg_brown-dark\"><span>1000+<\/span><em class=\"text-white\">membres partagent des ressources et recyclent leurs d\u00e9chets au quotidien.<\/em><\/div><div class=\"bg_orange\"><span>80%<\/span><em>de nos meubles et \u00e9l\u00e9ments d\u2019int\u00e9rieur, p. ex. les panneaux acoustiques, sont fabriqu\u00e9s \u00e0 partir de mat\u00e9riaux recyclables.<\/em><\/div>\n                <\/div>\n            <\/div>\n\n            <div class=\"space-top\">\n                <div class=\"container\">\n                    <div class=\"row\">\n                        <div class=\"col-lg-6 offset-lg-4\">\n                            <p>Notre objectif \u2014 mais aussi notre responsabilit\u00e9 \u2014 est de proposer des espaces de travail et des ressources partag\u00e9s afin de r\u00e9duire leur impact environnemental de 35%. Nous suivons la r\u00e9gle des 3P: \u00abPeople\u00bb, \u00abPlanet\u00bb et \u00abProduct\u00bb. Nous faisons face \u00e0 de nouveaux d\u00e9fis \u00e0 mesure que nous grandissons. Mais nous assumons notre responsabilit\u00e9 pour chacune des actions que nous entreprenons et estimons qu\u2019il s\u2019agit d\u2019un processus continu. Nous vous tiendrons r\u00e9guli\u00e8rement inform\u00e9s de nos progr\u00e8s.<\/p>\n                        <\/div>\n                    <\/div>\n                <\/div>\n            <\/div>\n        <\/div>\n\n<\/div>\n\n\n      <div id=\"block_9943c57b50d5a32a3252e7ee05475977\" class=\"block-cta  l-block\">\n  \n  <div class=\"container\"><noscript><img decoding=\"async\" src=\"https:\/\/flexoffice.swiss\/wp-content\/uploads\/2022\/08\/flexoffice-sustainable-2-1-scaled.jpg\" alt=\"Nachhaltigkeit: Harmonie zwischen den Menschen und Workspace\n\"><\/noscript><img decoding=\"async\" src=\"data:image\/gif;base64,R0lGODlhAQABAIAAAAAAAP\/\/\/yH5BAEAAAAALAAAAAABAAEAAAIBRAA7\" alt=\"Nachhaltigkeit: Harmonie zwischen den Menschen und Workspace\n\" data-src=\"https:\/\/flexoffice.swiss\/wp-content\/uploads\/2022\/08\/flexoffice-sustainable-2-1-scaled.jpg\" class=\" lazyload\"><\/div><\/div>\n\n\n      <div id=\"block_0df9ec2b7627153e0058faf1d5918784\" class=\"block-membership  l-block\">\n  \n  \n    <div class=\"text-block space\">\n        <div class=\"container\">\n\n            \n                <div class=\"mb-5 row align-items-end\">\n                    <div class=\"col-lg-6\">\n\n                        <h2 class=\"mb-3 h1\">Personnes<\/h2><p><\/p><p>Nous nous traitons avec respect et cr\u00e9ons un environnement de travail sain pour tous, en mettant en avant les talents et les diff\u00e9rences des uns et des autres.<\/p>\n\n                    <\/div>\n                <\/div>\n\n            \n                            <div class=\"row\">\n                    <div class=\"col-lg-6 offset-lg-4\">\n\n                                                                                <div class=\"item\">\n                                <div><h3><span>Notre \u00e9quipe<\/span><\/h3><p>Nos \u00e9quipes de direction et de terrain tr\u00e8s diversifi\u00e9es sont compos\u00e9es de membres issus de 10 pays diff\u00e9rents et comptent plus de 70% de femmes. <\/p><\/div>                            <\/div>\n                                                                                <div class=\"item\">\n                                <div><h3><span>Travail hybride<\/span><\/h3><p>Nous encourageons la flexibilit\u00e9 chez nos collaborateurs et voulons qu&rsquo;ils travaillent l\u00e0 o\u00f9 ils s\u2019\u00e9panouissent le plus. Nos \u00e9quipes ont la possibilit\u00e9 de travailler depuis l\u2019un de nos espaces de travail ou depuis leur domicile.<\/p><\/div>                            <\/div>\n                                                                                <div class=\"item\">\n                                <div><h3><span>\u00c9quilibre vie professionnelle \/ vie priv\u00e9e<\/span><\/h3><p>Nous organisons occasionnellement des \u00e9v\u00e9nements sportifs et des activit\u00e9s en plein air afin que notre \u00e9quipe puisse tisser des liens par le biais d\u2019activit\u00e9s non li\u00e9es au travail et en profiter pour apprendre \u00e0 se conna\u00eetre et s\u2019amuser.<\/p><\/div>                            <\/div>\n                        \n                    <\/div>\n                <\/div>\n            \n        <\/div>\n    <\/div>\n\n<\/div>\n\n\n      <div id=\"block_5fa15e8a05b53ad225253ee055362ed1\" class=\"block-cta  l-block\">\n  \n  \n    <div class=\"whats-special space bg_dark text-white\">\n        <div class=\"container\">\n            <div class=\"row align-items-center mb-5\">\n                <div class=\"col-md-8 col-lg-6\">\n                    <h3 class=\"h1 text-white mb-3\">Plan\u00e8te<\/h3><p>Lors de la conception de nos espaces de travail, nous accordons une attention particuli\u00e8re \u00e0 l\u2019impact que nous avons sur la plan\u00e8te. Nos b\u00e2timents sont s\u00e9lectionn\u00e9s et r\u00e9nov\u00e9s avec soin afin d\u2019\u00eatre en harmonie avec la plan\u00e8te.<\/p>\n                <\/div>\n            <\/div>\n\n                            <div class=\"row text-center\">\n\n                                            <div class=\"col\">\n                            <div class=\"ws-item\">\n                                <div class=\"icon\"><noscript><img decoding=\"async\" src=\"https:\/\/flexoffice.swiss\/wp-content\/uploads\/2022\/08\/icon-workplace-engeneering.svg\" alt><\/noscript><img decoding=\"async\" src=\"data:image\/gif;base64,R0lGODlhAQABAIAAAAAAAP\/\/\/yH5BAEAAAAALAAAAAABAAEAAAIBRAA7\" alt data-src=\"https:\/\/flexoffice.swiss\/wp-content\/uploads\/2022\/08\/icon-workplace-engeneering.svg\" class=\" lazyload\"><\/div><span>Une infrastructure responsable<\/span>                            <\/div>\n                        <\/div>\n                                            <div class=\"col\">\n                            <div class=\"ws-item\">\n                                <div class=\"icon\"><noscript><img decoding=\"async\" src=\"https:\/\/flexoffice.swiss\/wp-content\/uploads\/2022\/08\/icon-cradle.svg\" alt><\/noscript><img decoding=\"async\" src=\"data:image\/gif;base64,R0lGODlhAQABAIAAAAAAAP\/\/\/yH5BAEAAAAALAAAAAABAAEAAAIBRAA7\" alt data-src=\"https:\/\/flexoffice.swiss\/wp-content\/uploads\/2022\/08\/icon-cradle.svg\" class=\" lazyload\"><\/div><span>Ecoconception \u00abCradle to Cradle\u00bb<\/span>                            <\/div>\n                        <\/div>\n                                            <div class=\"col\">\n                            <div class=\"ws-item\">\n                                <div class=\"icon\"><noscript><img decoding=\"async\" src=\"https:\/\/flexoffice.swiss\/wp-content\/uploads\/2022\/08\/icon-historic.svg\" alt><\/noscript><img decoding=\"async\" src=\"data:image\/gif;base64,R0lGODlhAQABAIAAAAAAAP\/\/\/yH5BAEAAAAALAAAAAABAAEAAAIBRAA7\" alt data-src=\"https:\/\/flexoffice.swiss\/wp-content\/uploads\/2022\/08\/icon-historic.svg\" class=\" lazyload\"><\/div><span>Respect du patrimoine <\/span>                            <\/div>\n                        <\/div>\n                    \n                <\/div>\n            \n        <\/div>\n    <\/div>\n\n<\/div>\n\n\n      <div id=\"block_3883d7ae871868b88a36d0cbd66e4107\" class=\"block-membership  l-block\">\n  \n  \n    <div class=\"text-block space\">\n        <div class=\"container\">\n\n            \n                <div class=\"mb-5 row align-items-end\">\n                    <div class=\"col-lg-6\">\n\n                        <h2 class=\"mb-3 h1\">Produit<\/h2><p><\/p><p>Nos meubles FlexOffice sont s\u00e9lectionn\u00e9s en fonction de vos besoins. Notre objectif est de cr\u00e9er des espaces de travail confortables et spacieux qui vous permettent de bien travailler et qui r\u00e9sisteront \u00e0 l\u2019\u00e9preuve du temps.<\/p>\n\n                    <\/div>\n                <\/div>\n\n            \n                            <div class=\"row\">\n                    <div class=\"col-lg-6 offset-lg-4\">\n\n                                                                                <div class=\"item\">\n                                <div><h3><span>Designs intemporels<\/span><\/h3><p>Tout l\u2019\u00e9quipement FlexOffice est choisi avec beaucoup de soin et d\u2019attention pour que vous puissiez profiter de sa qualit\u00e9 pendant des ann\u00e9es.\n<\/p><\/div>                            <\/div>\n                                                                                <div class=\"item\">\n                                <div><h3><span> Fournisseurs responsables <\/span><\/h3><p>La plupart des produits utilis\u00e9s dans nos espaces de travail FlexOffice proviennent de fournisseurs responsables et \u00e9thiques situ\u00e9s aux quatre coins de l\u2019Europe.<\/p><\/div>                            <\/div>\n                                                                                <div class=\"item\">\n                                <div><h3><span>Technologies intelligentes<\/span><\/h3><p>Nos espaces de travail sont \u00e9quip\u00e9s de capteurs pour \u00e9valuer la qualit\u00e9 de l\u2019air et de stations de recharge pour v\u00e9los \u00e9lectriques et voitures.<\/p><\/div>                            <\/div>\n                                                                                <div class=\"item\">\n                                <div><h3><span>Recyclage<\/span><\/h3><p>Nous recyclons le verre, le PET, le m\u00e9tal, le carton, le papier et les piles avec des bacs de recyclage pr\u00e9vus \u00e0 cet effet dans chaque bureau.<\/p><\/div>                            <\/div>\n                        \n                    <\/div>\n                <\/div>\n            \n        <\/div>\n    <\/div>\n\n<\/div>\n\n\n      <div id=\"block_1811353af971b3fbf5534f2e2e6a9036\" class=\"block-cta  l-block\">\n  \n  \n    <div class=\"cta space bg_green-dark text-center text-white\">\n        <div class=\"container\">\n            <h3 class=\"h1 mb-5 text_green\">Aide-nous \u00e0 nous am\u00e9liorer<\/h3>Nous aimerions savoir ce que nous pourrions encore am\u00e9liorer: <br>Envoie-nous tes id\u00e9es \u00e0 l\u2019adresse sustainability@flexoffice.swiss        <\/div>\n    <\/div>\n\n<\/div>","protected":false},"excerpt":{"rendered":"","protected":false},"author":6,"featured_media":5159,"parent":0,"menu_order":0,"comment_status":"closed","ping_status":"closed","template":"","meta":{"_acf_changed":false,"inline_featured_image":false,"footnotes":""},"class_list":["post-7069","page","type-page","status-publish","has-post-thumbnail",""],"acf":[],"_links":{"self":[{"href":"https:\/\/flexoffice.swiss\/fr\/wp-json\/wp\/v2\/pages\/7069","targetHints":{"allow":["GET"]}}],"collection":[{"href":"https:\/\/flexoffice.swiss\/fr\/wp-json\/wp\/v2\/pages"}],"about":[{"href":"https:\/\/flexoffice.swiss\/fr\/wp-json\/wp\/v2\/types\/page"}],"author":[{"embeddable":true,"href":"https:\/\/flexoffice.swiss\/fr\/wp-json\/wp\/v2\/users\/6"}],"replies":[{"embeddable":true,"href":"https:\/\/flexoffice.swiss\/fr\/wp-json\/wp\/v2\/comments?post=7069"}],"version-history":[{"count":9,"href":"https:\/\/flexoffice.swiss\/fr\/wp-json\/wp\/v2\/pages\/7069\/revisions"}],"predecessor-version":[{"id":9856,"href":"https:\/\/flexoffice.swiss\/fr\/wp-json\/wp\/v2\/pages\/7069\/revisions\/9856"}],"wp:featuredmedia":[{"embeddable":true,"href":"https:\/\/flexoffice.swiss\/fr\/wp-json\/wp\/v2\/media\/5159"}],"wp:attachment":[{"href":"https:\/\/flexoffice.swiss\/fr\/wp-json\/wp\/v2\/media?parent=7069"}],"curies":[{"name":"wp","href":"https:\/\/api.w.org\/{rel}","templated":true}]}}