{"id":7114,"date":"2022-08-01T07:45:02","date_gmt":"2022-08-01T07:45:02","guid":{"rendered":"https:\/\/flexoffice.swiss\/?page_id=7114"},"modified":"2026-02-25T09:43:52","modified_gmt":"2026-02-25T09:43:52","slug":"flex-rooms","status":"publish","type":"page","link":"https:\/\/flexoffice.swiss\/fr\/abonnements\/flex-rooms\/","title":{"rendered":"Flex Rooms"},"content":{"rendered":"<div id=\"block_dd022738f2c16372b78a0d5b20039063\" class=\"block-hero  l-block\">\n  \n  \n<div class=\"membership-hero bg_primary-lighter d-flex align-items-sm-center min-vh-100\">\n    <div class=\"container\">\n        <div class=\"row align-items-center\">\n            <div class=\"col-md-8 col-lg-7\">\n                <span class=\"h3 mb-2 d-block pe-5\">L\u2019espace id\u00e9al pour chaque occasion.<\/span><h1>R\u00e9union, workshop ou \u00e9v\u00e9nement : choisissez parmi plus de 50 salles enti\u00e8rement \u00e9quip\u00e9es et flexibles, et trouvez l\u2019espace parfaitement adapt\u00e9 \u00e0 vos besoins.<\/h1>            <\/div>\n        <\/div>\n    <\/div>\n<\/div>\n\n<\/div>\n\n\n      <div id=\"block_0bf8d1f55d0eaf0ffcc8970608d5824a\" class=\"block-cta  l-block\">\n  \n          <div class=\"space-top\">\n        \t<div class=\"container\">\n                \n                            \t\t<div class=\"row\">\n            \t\t\t<div class=\"col-lg-10 mx-auto\">\t\t\n            \t\t\t\t<h3 class=\"mb-0 alt mb-4\">En tant que membre FlexOffice, vous avez libre acc\u00e8s \u00e0 toutes les salles de r\u00e9union en Suisse. Chaque espace de travail dispose de diff\u00e9rentes salles avec diff\u00e9rentes configurations: pour des pr\u00e9sentations, des ateliers ou des discussions. Les personnes non-membres ont \u00e9galement la possibilit\u00e9 de r\u00e9server.<\/h3>\n                    \t\t\t\t\t\t\t\n            \t\t\t<\/div>\n            \t\t<\/div>\n                                \n                            \t\t<div class=\"row\">\n            \t\t\t<div class=\"col-lg-6 offset-lg-3\">\n            \t\t\t\t<p><br data-mce-bogus=\"1\"><\/p>\n            \t\t\t<\/div>\n            \t\t<\/div>\n                                \n        \t<\/div>\n        <\/div>\n        \n        <\/div>\n\n\n      <div id=\"block_608a8708bbc102aa7380980712e5b069\" class=\"block-membership  l-block\">\n  \n  <div class=\"membership space\">\n\n    \n                <div class=\"membership-item\">\n                <div class=\"container\">\n                    <div class=\"row\">\n                        <div class=\"col-md-4\">\n                            <div class=\"highlight\">Salle de r\u00e9union<\/div><p>La salle de r\u00e9union classique qui convient \u00e0 toutes les occasions. Bien \u00e9quip\u00e9e et bien con\u00e7ue pour dynamiser tes r\u00e9unions.<\/p>\n<a href=\"https:\/\/flexoffice.swiss\/fr\/abonnements\/reserver-une-salle\/?officetype=meeting-room-fr&#038;officesize=all\" class=\"cta-btn mt-3\" target=\"_blank\">R\u00e9server une salle<\/a>                        <\/div>\n\n                        <div class=\"col-md-4\">\n                            <ul><li>Capacit\u00e9 allant de 4 \u00e0 12 personnes<\/li><li>\u00c9crans et syst\u00e8mes de vid\u00e9oconf\u00e9rence pour les r\u00e9unions hybrides<\/li><li>\u00c9quip\u00e9e de tableaux blancs et de mat\u00e9riel d&#039;\u00e9criture<\/li><li>Caf\u00e9, th\u00e9 et eau<\/li><\/ul>                        <\/div>\n\n                        <div class=\"col-md-4\">\n                            <noscript><img decoding=\"async\" src=\"https:\/\/flexoffice.swiss\/wp-content\/uploads\/bildmeetingrooms.png\" alt=\"meeting room\"><\/noscript><img decoding=\"async\" src=\"data:image\/gif;base64,R0lGODlhAQABAIAAAAAAAP\/\/\/yH5BAEAAAAALAAAAAABAAEAAAIBRAA7\" alt=\"meeting room\" data-src=\"https:\/\/flexoffice.swiss\/wp-content\/uploads\/bildmeetingrooms.png\" class=\" lazyload\">                        <\/div>\n                    <\/div>\n                <\/div>\n            <\/div>\n                        <div class=\"membership-item\">\n                <div class=\"container\">\n                    <div class=\"row\">\n                        <div class=\"col-md-4\">\n                            <div class=\"highlight\">Salle de conf\u00e9rence<\/div><p>Notre espace le plus formel. Parfait pour les r\u00e9unions formelles pour des groupes plus importants, avec un \u00e9quipement high-tech pour les participants \u00e0 distance.<\/p>\n<a href=\"https:\/\/flexoffice.swiss\/fr\/abonnements\/reserver-une-salle\/?officetype=board-room-fr-2&#038;officesize=all\" class=\"cta-btn mt-3\" target=\"_blank\">R\u00e9server une salle<\/a>                        <\/div>\n\n                        <div class=\"col-md-4\">\n                            <ul><li>Capacit\u00e9 allant de 6 \u00e0 15 personnes<\/li><li>\u00c9crans multiples et syst\u00e8mes de vid\u00e9oconf\u00e9rence haut de gamme<\/li><li>\u00c9quip\u00e9e de tableaux blancs et de mat\u00e9riel d&#039;\u00e9criture<\/li><li>Acc\u00e8s aux espaces partag\u00e9s et \u00e0 la cuisine<\/li><li>Restauration et services personnalis\u00e9s<\/li><li>Caf\u00e9, th\u00e9 et eau<\/li><\/ul>                        <\/div>\n\n                        <div class=\"col-md-4\">\n                            <noscript><img decoding=\"async\" src=\"https:\/\/flexoffice.swiss\/wp-content\/uploads\/boardroom.png\" alt=\"boardroom 800px\"><\/noscript><img decoding=\"async\" src=\"data:image\/gif;base64,R0lGODlhAQABAIAAAAAAAP\/\/\/yH5BAEAAAAALAAAAAABAAEAAAIBRAA7\" alt=\"boardroom 800px\" data-src=\"https:\/\/flexoffice.swiss\/wp-content\/uploads\/boardroom.png\" class=\" lazyload\">                        <\/div>\n                    <\/div>\n                <\/div>\n            <\/div>\n                        <div class=\"membership-item\">\n                <div class=\"container\">\n                    <div class=\"row\">\n                        <div class=\"col-md-4\">\n                            <div class=\"highlight\">Salle d&#039;atelier<\/div><p>Un espace de brainstorming, de visualisation de contenu ou de donn\u00e9es mais surtout de conception de votre prochaine BIG IDEA.<\/p>\n<a href=\"https:\/\/flexoffice.swiss\/fr\/abonnements\/reserver-une-salle\/?officetype=workshop-room-fr&#038;officesize=all\" class=\"cta-btn mt-3\" target=\"_blank\">R\u00e9server une salle<\/a>                        <\/div>\n\n                        <div class=\"col-md-4\">\n                            <ul><li>Capacit\u00e9 allant de 6 \u00e0 20 personnes<\/li><li>Le son comme source d&#039;inspiration et d&#039;ambiance<\/li><li>\u00c9quip\u00e9e de tableaux blancs et de mat\u00e9riel d&#039;\u00e9criture<\/li><li>Caf\u00e9, th\u00e9 et eau<\/li><\/ul>                        <\/div>\n\n                        <div class=\"col-md-4\">\n                            <noscript><img decoding=\"async\" src=\"https:\/\/flexoffice.swiss\/wp-content\/uploads\/workshoproom.png\" alt=\"workshop room\"><\/noscript><img decoding=\"async\" src=\"data:image\/gif;base64,R0lGODlhAQABAIAAAAAAAP\/\/\/yH5BAEAAAAALAAAAAABAAEAAAIBRAA7\" alt=\"workshop room\" data-src=\"https:\/\/flexoffice.swiss\/wp-content\/uploads\/workshoproom.png\" class=\" lazyload\">                        <\/div>\n                    <\/div>\n                <\/div>\n            <\/div>\n                        <div class=\"membership-item\">\n                <div class=\"container\">\n                    <div class=\"row\">\n                        <div class=\"col-md-4\">\n                            <div class=\"highlight\">Salon priv\u00e9<\/div><p>Un espace de r\u00e9union discret pour des interactions en petits groupes dans une atmosph\u00e8re d\u00e9tendue, propice aux discussions informelles et aux entretiens priv\u00e9s.<\/p>\n<a href=\"https:\/\/flexoffice.swiss\/fr\/abonnements\/reserver-une-salle\/?officetype=private-lounge-fr&#038;officesize=all\" class=\"cta-btn mt-3\" target=\"_blank\">R\u00e9server une salle<\/a>                        <\/div>\n\n                        <div class=\"col-md-4\">\n                            <ul><li>Capacit\u00e9 allant de 2 \u00e0 4 personnes<\/li><li>Ambiance cosy, chaleureuse et intime<\/li><li>\u00c9quip\u00e9 de canap\u00e9s et de fauteuils<\/li><li>Caf\u00e9, th\u00e9 et eau<\/li><\/ul>                        <\/div>\n\n                        <div class=\"col-md-4\">\n                            <noscript><img decoding=\"async\" src=\"https:\/\/flexoffice.swiss\/wp-content\/uploads\/jung.png\" alt=\"Private Loung\"><\/noscript><img decoding=\"async\" src=\"data:image\/gif;base64,R0lGODlhAQABAIAAAAAAAP\/\/\/yH5BAEAAAAALAAAAAABAAEAAAIBRAA7\" alt=\"Private Loung\" data-src=\"https:\/\/flexoffice.swiss\/wp-content\/uploads\/jung.png\" class=\" lazyload\">                        <\/div>\n                    <\/div>\n                <\/div>\n            <\/div>\n                        <div class=\"membership-item\">\n                <div class=\"container\">\n                    <div class=\"row\">\n                        <div class=\"col-md-4\">\n                            <div class=\"highlight\">Espace Agile<\/div><p>Ces espaces peuvent accueillir diverses activit\u00e9s et types d\u2019interactions. Tr\u00e8s flexible, avec des espaces de d\u00e9tente et de travail.<\/p>\n<a href=\"https:\/\/flexoffice.swiss\/fr\/abonnements\/reserver-une-salle\/?officetype=agile-space-fr&#038;officesize=all\" class=\"cta-btn mt-3\" target=\"_blank\">R\u00e9server une salle<\/a>                        <\/div>\n\n                        <div class=\"col-md-4\">\n                            <ul><li>Capacit\u00e9 \u00e0 partir de 10 personnes<\/li><li>\u00c9quip\u00e9 d\u2019un mobilier flexible et mobile<\/li><li>Bureaux modulables<\/li><li>Caf\u00e9, th\u00e9 et eau<\/li><\/ul>                        <\/div>\n\n                        <div class=\"col-md-4\">\n                            <noscript><img decoding=\"async\" src=\"https:\/\/flexoffice.swiss\/wp-content\/uploads\/agilespace.png\" alt=\"agile space\"><\/noscript><img decoding=\"async\" src=\"data:image\/gif;base64,R0lGODlhAQABAIAAAAAAAP\/\/\/yH5BAEAAAAALAAAAAABAAEAAAIBRAA7\" alt=\"agile space\" data-src=\"https:\/\/flexoffice.swiss\/wp-content\/uploads\/agilespace.png\" class=\" lazyload\">                        <\/div>\n                    <\/div>\n                <\/div>\n            <\/div>\n                        <div class=\"membership-item\">\n                <div class=\"container\">\n                    <div class=\"row\">\n                        <div class=\"col-md-4\">\n                            <div class=\"highlight\">Espace \u00e9v\u00e9nements<\/div><p>Un grand espace ouvert avec une sc\u00e8ne \u00e0 proximit\u00e9 des espaces communs pour des pr\u00e9sentations informelles, des \u00e9v\u00e9nements et des c\u00e9l\u00e9brations.<\/p>\n<a href=\"https:\/\/flexoffice.swiss\/en\/events\" class=\"cta-btn mt-3\" target=\"_blank\">R\u00e9server une salle<\/a>                        <\/div>\n\n                        <div class=\"col-md-4\">\n                            <ul><li>Capacit\u00e9 allant jusqu\u2019\u00e0 150 personnes<\/li><li>\u00c9quip\u00e9 d\u2019une sc\u00e8ne et de mat\u00e9riel de pr\u00e9sentation<\/li><li>R\u00e9ception, salon et cuisines \u00e0 proximit\u00e9<\/li><li>Mobilier flexible pour divers \u00e9v\u00e9nements<\/li><li>Organisation d\u2019\u00e9v\u00e9nements et options de restauration<\/li><\/ul>                        <\/div>\n\n                        <div class=\"col-md-4\">\n                            <noscript><img decoding=\"async\" src=\"https:\/\/flexoffice.swiss\/wp-content\/uploads\/2022\/08\/basel-barfu\u0308sserplatz-2-Kopie-1.jpg\" alt=\"Workraum &amp; Office Space Basel: FlexOffice Basel Barf\u00fcsserplatz\"><\/noscript><img decoding=\"async\" src=\"data:image\/gif;base64,R0lGODlhAQABAIAAAAAAAP\/\/\/yH5BAEAAAAALAAAAAABAAEAAAIBRAA7\" alt=\"Workraum &amp; Office Space Basel: FlexOffice Basel Barf\u00fcsserplatz\" data-src=\"https:\/\/flexoffice.swiss\/wp-content\/uploads\/2022\/08\/basel-barfu\u0308sserplatz-2-Kopie-1.jpg\" class=\" lazyload\">                        <\/div>\n                    <\/div>\n                <\/div>\n            <\/div>\n                <hr>\n<\/div>\n\n<\/div>\n\n\n      <div id=\"block_5cb851e2b6f6cfdd56e4603b70e61d49\" class=\"block-cta  l-block\">\n  \n  \n    <div class=\"whats-included alt bg_brown-lite space\">\n        <div class=\"container\">\n            <div class=\"row align-items-end mb-5\">\n                <div class=\"col-lg-7\">\n                    <div class=\"text-white\">\n                        <h2 class=\"h1\">Ce qui est inclus dans chaque r\u00e9servation de salle<\/h2>                    <\/div>\n                <\/div>\n            <\/div>\n\n            <ul><li><noscript><img decoding=\"async\" src=\"https:\/\/flexoffice.swiss\/wp-content\/uploads\/2022\/08\/icon-phone.svg\" alt><\/noscript><img decoding=\"async\" src=\"data:image\/gif;base64,R0lGODlhAQABAIAAAAAAAP\/\/\/yH5BAEAAAAALAAAAAABAAEAAAIBRAA7\" alt data-src=\"https:\/\/flexoffice.swiss\/wp-content\/uploads\/2022\/08\/icon-phone.svg\" class=\" lazyload\"><span>Phone box<\/span><\/li><li><noscript><img decoding=\"async\" src=\"https:\/\/flexoffice.swiss\/wp-content\/uploads\/2022\/08\/icon-cleaning.svg\" alt><\/noscript><img decoding=\"async\" src=\"data:image\/gif;base64,R0lGODlhAQABAIAAAAAAAP\/\/\/yH5BAEAAAAALAAAAAABAAEAAAIBRAA7\" alt data-src=\"https:\/\/flexoffice.swiss\/wp-content\/uploads\/2022\/08\/icon-cleaning.svg\" class=\" lazyload\"><span>M\u00e9nage quotidien<\/span><\/li><li><noscript><img decoding=\"async\" src=\"https:\/\/flexoffice.swiss\/wp-content\/uploads\/2022\/08\/icon-shared-spaces.svg\" alt><\/noscript><img decoding=\"async\" src=\"data:image\/gif;base64,R0lGODlhAQABAIAAAAAAAP\/\/\/yH5BAEAAAAALAAAAAABAAEAAAIBRAA7\" alt data-src=\"https:\/\/flexoffice.swiss\/wp-content\/uploads\/2022\/08\/icon-shared-spaces.svg\" class=\" lazyload\"><span>Salons et cuisines<\/span><\/li><li><noscript><img decoding=\"async\" src=\"https:\/\/flexoffice.swiss\/wp-content\/uploads\/2022\/08\/icon-mail.svg\" alt><\/noscript><img decoding=\"async\" src=\"data:image\/gif;base64,R0lGODlhAQABAIAAAAAAAP\/\/\/yH5BAEAAAAALAAAAAABAAEAAAIBRAA7\" alt data-src=\"https:\/\/flexoffice.swiss\/wp-content\/uploads\/2022\/08\/icon-mail.svg\" class=\" lazyload\"><span>Mat\u00e9riel d&rsquo;\u00e9criture <\/span><\/li><li><noscript><img decoding=\"async\" src=\"https:\/\/flexoffice.swiss\/wp-content\/uploads\/2022\/08\/icon-coffee.svg\" alt><\/noscript><img decoding=\"async\" src=\"data:image\/gif;base64,R0lGODlhAQABAIAAAAAAAP\/\/\/yH5BAEAAAAALAAAAAABAAEAAAIBRAA7\" alt data-src=\"https:\/\/flexoffice.swiss\/wp-content\/uploads\/2022\/08\/icon-coffee.svg\" class=\" lazyload\"><span>Caf\u00e9, th\u00e9 et eau<\/span><\/li><li><noscript><img decoding=\"async\" src=\"https:\/\/flexoffice.swiss\/wp-content\/uploads\/2022\/08\/icon-community-manager.svg\" alt><\/noscript><img decoding=\"async\" src=\"data:image\/gif;base64,R0lGODlhAQABAIAAAAAAAP\/\/\/yH5BAEAAAAALAAAAAABAAEAAAIBRAA7\" alt data-src=\"https:\/\/flexoffice.swiss\/wp-content\/uploads\/2022\/08\/icon-community-manager.svg\" class=\" lazyload\"><span>Personnel serviable<\/span><\/li><li><noscript><img decoding=\"async\" src=\"https:\/\/flexoffice.swiss\/wp-content\/uploads\/2022\/08\/icon-wifi.svg\" alt><\/noscript><img decoding=\"async\" src=\"data:image\/gif;base64,R0lGODlhAQABAIAAAAAAAP\/\/\/yH5BAEAAAAALAAAAAABAAEAAAIBRAA7\" alt data-src=\"https:\/\/flexoffice.swiss\/wp-content\/uploads\/2022\/08\/icon-wifi.svg\" class=\" lazyload\"><span>Internet haut d\u00e9bit<\/span><\/li><li><noscript><img decoding=\"async\" src=\"https:\/\/flexoffice.swiss\/wp-content\/uploads\/2022\/08\/icon-printing.svg\" alt><\/noscript><img decoding=\"async\" src=\"data:image\/gif;base64,R0lGODlhAQABAIAAAAAAAP\/\/\/yH5BAEAAAAALAAAAAABAAEAAAIBRAA7\" alt data-src=\"https:\/\/flexoffice.swiss\/wp-content\/uploads\/2022\/08\/icon-printing.svg\" class=\" lazyload\"><span>Imprimantes<\/span><\/li><\/ul>        <\/div>\n    <\/div>\n\n<\/div>\n\n\n      <div id=\"block_780d849bbf6b581ae2032e64fad4d083\" class=\"block-cta  l-block\">\n  \n      <div class=\"team-hero space slider-style-one\">\n\t\t<div class=\"container\">\n        \n                \t\t\t<div class=\"row align-items-end mb-5\">\n    \t\t\t\t<div class=\"col-md-8 col-lg-7\">\n    \t\t\t\t\t<h3 class=\"h1\">Tu imagines un peu l&rsquo;ambiance?<\/h3>\n    \t\t\t\t<\/div>\n    \t\t\t<\/div>\n                        \n            <div class=\"slider\"><div class=\"slide\"><img decoding=\"async\" class=\"slide-img\" src=\"https:\/\/flexoffice.swiss\/wp-content\/uploads\/2022\/08\/15-auswahl-mary-flexoffice-vibe.jpg\" alt><\/div><div class=\"slide\"><img decoding=\"async\" class=\"slide-img\" src=\"https:\/\/flexoffice.swiss\/wp-content\/uploads\/2022\/08\/11-auswahl-mary-flexoffice-vibe.jpg\" alt><\/div><div class=\"slide\"><img decoding=\"async\" class=\"slide-img\" src=\"https:\/\/flexoffice.swiss\/wp-content\/uploads\/2022\/08\/12-auswahl-mary-flexoffice-vibe.jpg\" alt><\/div><div class=\"slide\"><img decoding=\"async\" class=\"slide-img\" src=\"https:\/\/flexoffice.swiss\/wp-content\/uploads\/2022\/08\/14-auswahl-mary-flexoffice-vibe.jpg\" alt><\/div><div class=\"slide\"><img decoding=\"async\" class=\"slide-img\" src=\"https:\/\/flexoffice.swiss\/wp-content\/uploads\/2022\/08\/17-auswahl-mary-flexoffice-vibe.jpg\" alt><\/div><div class=\"slide\"><img decoding=\"async\" class=\"slide-img\" src=\"https:\/\/flexoffice.swiss\/wp-content\/uploads\/2022\/08\/18-auswahl-mary-flexoffice-vibe.jpg\" alt><\/div><div class=\"slide\"><img decoding=\"async\" class=\"slide-img\" src=\"https:\/\/flexoffice.swiss\/wp-content\/uploads\/2022\/08\/19-auswahl-mary-flexoffice-vibe.jpg\" alt><\/div><div class=\"slide\"><img decoding=\"async\" class=\"slide-img\" src=\"https:\/\/flexoffice.swiss\/wp-content\/uploads\/2022\/08\/20-auswahl-mary-flexoffice-vibe.jpg\" alt><\/div><div class=\"slide\"><img decoding=\"async\" class=\"slide-img\" src=\"https:\/\/flexoffice.swiss\/wp-content\/uploads\/2022\/08\/21-auswahl-mary-flexoffice-vibe.jpg\" alt><\/div><div class=\"slide\"><img decoding=\"async\" class=\"slide-img\" src=\"https:\/\/flexoffice.swiss\/wp-content\/uploads\/2022\/08\/25-auswahl-mary-flexoffice-vibe.jpg\" alt><\/div><div class=\"slide\"><img decoding=\"async\" class=\"slide-img\" src=\"https:\/\/flexoffice.swiss\/wp-content\/uploads\/2022\/08\/26-auswahl-mary-flexoffice-vibe.jpg\" alt><\/div><div class=\"slide\"><img decoding=\"async\" class=\"slide-img\" src=\"https:\/\/flexoffice.swiss\/wp-content\/uploads\/2022\/08\/27-auswahl-mary-flexoffice-vibe.jpg\" alt><\/div><\/div>\t\t\t\t\n\t\t<\/div>\n\t<\/div>\t\n    <\/div>\n\n\n      <div id=\"block_476eff222547ea843324225e01380bc3\" class=\"virtual-tour  l-block\">\n  \n      <div class=\"virtual-tour space\">\n\t\t<div class=\"container\">\n\t\t\t<div class=\"row align-items-end mb-5\">\n\t\t\t\t<div class=\"col-md-8 col-lg-6\">\n                    <h2 class=\"h1\">Faire une visite virtuelle<\/h2>\t\t\t\t<\/div>\n\n\t\t\t\t<div class=\"col-md-4 col-lg-6 text-md-end mt-4 mt-md-0\">\n                    \t\t\t\t<\/div>\t\t\t\t\n\t\t\t<\/div>\n\n\t\t\t<div class=\"video-embed\">\n\t\t\t\t\t\t\t\t<div class=\"responsive-frame\">\n\t\t\t\t\t<noscript><iframe width=\"853\" height=\"480\" src=\"https:\/\/my.matterport.com\/show\/?m=2RCwh5nwzpo\" frameborder=\"0\" allowfullscreen allow=\"xr-spatial-tracking\"><\/iframe><\/noscript><iframe width=\"853\" height=\"480\" frameborder=\"0\" allowfullscreen allow=\"xr-spatial-tracking\" data-src=\"https:\/\/my.matterport.com\/show\/?m=2RCwh5nwzpo\" class=\" lazyload\"><\/iframe>\t\t\t\t\n\t\t\t\t<\/div>\t\t\t\t\n\t\t\t\t\t\t\t\t\n                \t\t\t<\/div>\n\t\t<\/div>\n\t<\/div>\n    <\/div>","protected":false},"excerpt":{"rendered":"","protected":false},"author":6,"featured_media":7681,"parent":7122,"menu_order":0,"comment_status":"closed","ping_status":"closed","template":"","meta":{"_acf_changed":false,"inline_featured_image":false,"footnotes":""},"class_list":["post-7114","page","type-page","status-publish","has-post-thumbnail",""],"acf":[],"_links":{"self":[{"href":"https:\/\/flexoffice.swiss\/fr\/wp-json\/wp\/v2\/pages\/7114","targetHints":{"allow":["GET"]}}],"collection":[{"href":"https:\/\/flexoffice.swiss\/fr\/wp-json\/wp\/v2\/pages"}],"about":[{"href":"https:\/\/flexoffice.swiss\/fr\/wp-json\/wp\/v2\/types\/page"}],"author":[{"embeddable":true,"href":"https:\/\/flexoffice.swiss\/fr\/wp-json\/wp\/v2\/users\/6"}],"replies":[{"embeddable":true,"href":"https:\/\/flexoffice.swiss\/fr\/wp-json\/wp\/v2\/comments?post=7114"}],"version-history":[{"count":29,"href":"https:\/\/flexoffice.swiss\/fr\/wp-json\/wp\/v2\/pages\/7114\/revisions"}],"predecessor-version":[{"id":14381,"href":"https:\/\/flexoffice.swiss\/fr\/wp-json\/wp\/v2\/pages\/7114\/revisions\/14381"}],"up":[{"embeddable":true,"href":"https:\/\/flexoffice.swiss\/fr\/wp-json\/wp\/v2\/pages\/7122"}],"wp:featuredmedia":[{"embeddable":true,"href":"https:\/\/flexoffice.swiss\/fr\/wp-json\/wp\/v2\/media\/7681"}],"wp:attachment":[{"href":"https:\/\/flexoffice.swiss\/fr\/wp-json\/wp\/v2\/media?parent=7114"}],"curies":[{"name":"wp","href":"https:\/\/api.w.org\/{rel}","templated":true}]}}