{"id":7124,"date":"2022-08-01T12:36:27","date_gmt":"2022-08-01T12:36:27","guid":{"rendered":"https:\/\/flexoffice.swiss\/?page_id=7124"},"modified":"2024-06-14T14:44:15","modified_gmt":"2024-06-14T14:44:15","slug":"faq","status":"publish","type":"page","link":"https:\/\/flexoffice.swiss\/fr\/faq\/","title":{"rendered":"FAQ"},"content":{"rendered":"\n      <div id=\"block_0f4b90f7a2caeb0cd9dbf84771c66563\" class=\"block-membership  l-block\" >\n  \n  \n\t\t\t    <div class=\"team-hero space extra-space\">\n\t\n\t\n    \t<div class=\"container\">\n    \t\t<div class=\"row align-items-center\">\n\t\t\t\t\n\t\t\t\t\t    \t\t\t<div class=\"col-md-8 col-lg-7\">\n\t\t\t\t\t\t\t\t\n                    <span class=\"h3 mb-2\">Des questions? Tu trouveras probablement une r\u00e9ponse ici.<\/span><h1> En quoi pouvons-nous t&rsquo;aider?<\/h1>    \t\t\t<\/div>\n    \t\t<\/div>\n    \t<\/div>\n    <\/div>\n    <\/div>\n\n\n      <div id=\"block_ac1aa421fda5913a84100daf6383fe9a\" class=\"block-membership  l-block\" >\n  \n  <hr>\n    <div class=\"faq\">\n    \t<div class=\"container\">\n            <div class=\"row\">\n\t\t\t\t<div class=\"col-md-3\">\n                    <h3 class=\"heading mt-3\">Nouveau sur FlexOffice?<\/h3>\t\t\t\t<\/div>\n                \n                <div class=\"col-md-9\">\n                    <div class=\"acc\"><div class=\"acc__card\"><div class=\"acc__title\">Qu\u2019est-ce qui est inclus dans le prix de l\u2019abonnement? <span><\/span><\/div><div class=\"acc__panel\"><p>Nos services tout compris FlexOffice, notre philosophie simple et un environnement de travail dans lequel tu peux te sentir comme chez toi. Tu trouveras <a href=\"https:\/\/flexoffice.swiss\/fr\/abonnements\/\">ici<\/a> tous les d\u00e9tails sur les diff\u00e9rents abonnements.<\/p>\n<\/div><\/div><div class=\"acc__card\"><div class=\"acc__title\">Combien de temps puis-je \u00eatre membre? <span><\/span><\/div><div class=\"acc__panel\"><p>Nos abonnements vont de 1 \u00e0 6 mois, en fonction de tes besoins. D\u00e9couvre-en davantage sur nos <a href=\"https:\/\/flexoffice.swiss\/fr\/abonnements\/\">abonnements<\/a> ou <a href=\"https:\/\/flexoffice.swiss\/fr\/contact\/\">contacte-nous<\/a> pour conna\u00eetre les d\u00e9tails relatifs \u00e0 chaque abonnement.<\/p>\n<\/div><\/div><div class=\"acc__card\"><div class=\"acc__title\">Vos espaces de travail sont-ils disponibles tout de suite? <span><\/span><\/div><div class=\"acc__panel\"><p>Oui, nous proposons des espaces de travail cl\u00e9 en main. Merci de nous <a href=\"https:\/\/flexoffice.swiss\/fr\/contact\/\">contacter<\/a> si tu es int\u00e9ress\u00e9 par un <a href=\"https:\/\/flexoffice.swiss\/fr\/emplacements\/\">lieu<\/a> ou une taille en particulier. Tu peux \u00e9galement r\u00e9server une visite.<\/p>\n<\/div><\/div><div class=\"acc__card\"><div class=\"acc__title\">Pouvons-nous personnaliser l\u2019espace de travail \u00e0 l\u2019image de notre entreprise? <span><\/span><\/div><div class=\"acc__panel\"><p>Absolument, nous voulons que tu te sentes comme si tu \u00e9tais dans ton propre bureau. Nos experts internes (architectes d\u2019int\u00e9rieur, consultants en milieu de travail et agences de branding) seront ravis de t&rsquo;aider \u00e0 personnaliser ton espace. Appelle-nous ou passe prendre un caf\u00e9 pour que nous puissions en discuter!<\/p>\n<\/div><\/div><div class=\"acc__card\"><div class=\"acc__title\">Puis-je profiter d\u2019autres espaces de travail en devenant membre? <span><\/span><\/div><div class=\"acc__panel\"><p>Oui, tu peux acc\u00e9der \u00e0 tous les bureaux FlexOffice en Suisse. Si tu souhaites utiliser nos salles de r\u00e9union, n\u2019h\u00e9sitez pas \u00e0 r\u00e9server via le portail et\/ou l&rsquo;application d\u00e9di\u00e9s aux membres.<\/p>\n<\/div><\/div><\/div>                <\/div>\n            <\/div>\n        <\/div>\n        \n                \n    <\/div>\n    <\/div>\n\n\n      <div id=\"block_205688daecc1e0813f31bbaac63dea11\" class=\"block-membership  l-block\" >\n  \n  <hr>\n    <div class=\"faq\">\n    \t<div class=\"container\">\n            <div class=\"row\">\n\t\t\t\t<div class=\"col-md-3\">\n                    <h3 class=\"heading mt-3\">Travailler dans les bureaux FlexOffice?<\/h3>\t\t\t\t<\/div>\n                \n                <div class=\"col-md-9\">\n                    <div class=\"acc\"><div class=\"acc__card\"><div class=\"acc__title\">Puis-je modifier mon espace de travail? <span><\/span><\/div><div class=\"acc__panel\"><p>Oui. Nous nous soucions de tes besoins et comprenons ton besoin de changement. Nous grandissons avec toi et pouvons t&rsquo;aider \u00e0 adapter ton espace de travail \u00e0 tes besoins fluctuants.<\/p>\n<\/div><\/div><div class=\"acc__card\"><div class=\"acc__title\">Puis-je emmener mon animal de compagnie et mes plantes? <span><\/span><\/div><div class=\"acc__panel\"><p>Les plantes font partie de notre concept de bien-\u00eatre et nous proposons m\u00eame un service sp\u00e9cifique pour les plantes si n\u00e9cessaire. Les animaux domestiques ne sont malheureusement pas autoris\u00e9s.<\/p>\n<\/div><\/div><div class=\"acc__card\"><div class=\"acc__title\">Puis-je amener un invit\u00e9 pour une journ\u00e9e? <span><\/span><\/div><div class=\"acc__panel\"><p>Oui, bien s\u00fbr! Tes invit\u00e9s sont les bienvenus ici, car c\u2019est ton bureau, apr\u00e8s tout \ud83d\ude09<\/p>\n<\/div><\/div><div class=\"acc__card\"><div class=\"acc__title\">J\u2019ai besoin d\u2019une assistance informatique, \u00e0 qui puis-je m\u2019adresser? <span><\/span><\/div><div class=\"acc__panel\"><p>Tu peux contacter nos location managers, disponible \u00e0 chaque emplacement.<br \/>\nPour certains services informatiques, nous travaillons en collaboration avec des prestataires de services sp\u00e9cialis\u00e9s.<\/p>\n<\/div><\/div><div class=\"acc__card\"><div class=\"acc__title\">Puis-je mettre en place un paiement mensuel automatique? <span><\/span><\/div><div class=\"acc__panel\"><p>Oui! Nous voulons te faciliter la vie autant que possible. Donc si tu pr\u00e9f\u00e8res un paiement mensuel automatique, tu peux bien s\u00fbr opter pour cette solution.<\/p>\n<\/div><\/div><\/div>                <\/div>\n            <\/div>\n        <\/div>\n        \n                \n    <\/div>\n    <\/div>\n\n\n      <div id=\"block_4bbbf2cad294ede27281fa9ce2013662\" class=\"block-membership  l-block\" >\n  \n  <hr>\n    <div class=\"faq\">\n    \t<div class=\"container\">\n            <div class=\"row\">\n\t\t\t\t<div class=\"col-md-3\">\n                    <h3 class=\"heading mt-3\">Flex Rooms<\/h3>\t\t\t\t<\/div>\n                \n                <div class=\"col-md-9\">\n                    <div class=\"acc\"><div class=\"acc__card\"><div class=\"acc__title\">Puis-je louer une salle\/un espace sans \u00eatre membre? <span><\/span><\/div><div class=\"acc__panel\"><p>Oui, tu \u00a0peux r\u00e9server nos salles \u00e0 l\u2019heure, \u00e0 la demi-journ\u00e9e ou \u00e0 la journ\u00e9e. Tu peux voir les salles et les prix pour les non-membres <a href=\"https:\/\/flexoffice.swiss\/fr\/abonnements\/flex-rooms\/\">ici<\/a>. N\u2019h\u00e9site pas \u00e0 r\u00e9server une visite \u00e0<a href=\"https:\/\/flexoffice.swiss\/fr\/emplacements\/\"> l\u2019espace de travail de ton choix<\/a> pour que nous puissions te faire d\u00e9couvrir l\u2019endroit.<\/p>\n<\/div><\/div><div class=\"acc__card\"><div class=\"acc__title\">Les Flex Rooms sont-elles \u00e9quip\u00e9es de Wi-Fi? <span><\/span><\/div><div class=\"acc__panel\"><p>Oui, tu peuxte connecter \u00e0 notre Wi-Fi Guest dans tous les espaces de travail et dans toutes les Flex Room. Contacte ton location manager ou consulte le panneau d&rsquo;affichage dans chaque Flex Room.<\/p>\n<\/div><\/div><div class=\"acc__card\"><div class=\"acc__title\">Qu\u2019est-ce qui est inclus dans le prix de la location? <span><\/span><\/div><div class=\"acc__panel\"><p>Le Wi-Fi, les appareils techniques tels que les \u00e9crans et autres \u00e9quipements, les kits d\u2019accessoires (marqueurs et post-its pour tableaux blancs). Tu peux \u00e9galement r\u00e9server des services suppl\u00e9mentaires tels que la restauration. Tu trouveras tous les d\u00e9tails concernant les commodit\u00e9s sur notre page <a href=\"https:\/\/flexoffice.swiss\/fr\/abonnements\/flex-rooms\/\">Flex Rooms<\/a>.<\/p>\n<\/div><\/div><div class=\"acc__card\"><div class=\"acc__title\">Est-il possible de modifier la configuration des salles? <span><\/span><\/div><div class=\"acc__panel\"><p>Bien s\u00fbr. Nos location managers seront ravis de t&rsquo;aider \u00e0 am\u00e9nager l\u2019espace selon tes besoin.<\/p>\n<\/div><\/div><div class=\"acc__card\"><div class=\"acc__title\">Quels sont les frais de r\u00e9servation de salles de r\u00e9union, d\u2019impression ou pour d\u2019autres services? <span><\/span><\/div><div class=\"acc__panel\"><p>Chez FlexOffice, il n\u2019y a pas de frais suppl\u00e9mentaires cach\u00e9s. En tant que membre, tu peux r\u00e9server gratuitement des salles de r\u00e9union via le portail des membres. Tu n&rsquo;es pas membre? Aucun probl\u00e8me, tu peux toujours r\u00e9server nos salles \u00e0 l\u2019heure, \u00e0 la demi-journ\u00e9e ou \u00e0 la journ\u00e9e. Tu peux voir les salles et les prix pour les non-membres <a href=\"https:\/\/flexoffice.swiss\/fr\/abonnements\/flex-rooms\/\">ici<\/a>. N\u2019h\u00e9site pas \u00e0 <a href=\"https:\/\/flexoffice.swiss\/fr\/emplacements\/\">r\u00e9server une visite<\/a> \u00e0 l\u2019espace de travail de ton choix pour que nous puissions te faire d\u00e9couvrir l\u2019endroit.<\/p>\n<\/div><\/div><\/div>                <\/div>\n            <\/div>\n        <\/div>\n        \n                \n    <\/div>\n    <\/div>\n\n\n      <div id=\"block_ef84cf3b9907ff91d6ede141414cc74e\" class=\"block-membership  l-block\" >\n  \n  <hr>\n    <div class=\"faq\">\n    \t<div class=\"container\">\n            <div class=\"row\">\n\t\t\t\t<div class=\"col-md-3\">\n                    <h3 class=\"heading mt-3\">Flex Pass<\/h3>\t\t\t\t<\/div>\n                \n                <div class=\"col-md-9\">\n                    <div class=\"acc\"><div class=\"acc__card\"><div class=\"acc__title\">Est-ce que j&rsquo;ai mon propre bureau? <span><\/span><\/div><div class=\"acc__panel\"><p>Oui, tu as ton propre poste de travail, \u00e9quip\u00e9 d&rsquo;un bureau r\u00e9glable en hauteur, d&rsquo;une chaise de bureau de qualit\u00e9 et d&rsquo;un \u00e9cran.<\/p>\n<p>IMPORTANT : il n&rsquo;est pas possible de r\u00e9server des postes de travail sp\u00e9cifiques. Chaque site dispose d&rsquo;un certain nombre de postes de travail. Tu peux simplement en r\u00e9server un. Mais pas un en particulier.<\/p>\n<\/div><\/div><div class=\"acc__card\"><div class=\"acc__title\">Avec combien d&rsquo;autres membres vais-je partager la salle? <span><\/span><\/div><div class=\"acc__panel\"><p>L&rsquo;agencement et les panneaux acoustiques de haute qualit\u00e9 comme \u00e9l\u00e9ments de s\u00e9paration t&rsquo;offrent un maximum d&rsquo;intimit\u00e9.<\/p>\n<p>Tu trouveras les plans exacts et le nombre de postes de travail dans notre application de r\u00e9servation.<\/p>\n<\/div><\/div><div class=\"acc__card\"><div class=\"acc__title\">Qu&rsquo;est-ce qui est inclus dans le prix de mon abonnement Flex Pass? <span><\/span><\/div><div class=\"acc__panel\"><p>Notre service FlexOffice est \u00ab\u00a0all inclusive\u00a0\u00bb, notre philosophie simple et un environnement de travail dans lequel tu peux te sentir comme chez toi. Tu trouveras ici tous les d\u00e9tails sur les services Flex Pass.<\/p>\n<\/div><\/div><div class=\"acc__card\"><div class=\"acc__title\">Ai-je \u00e9galement acc\u00e8s aux autres sites FlexOffice? <span><\/span><\/div><div class=\"acc__panel\"><p>Oui, tu as acc\u00e8s \u00e0 tous les sites FlexOffice dans toute la Suisse. Si tu souhaites utiliser nos salles de r\u00e9union, tu peux les r\u00e9server via notre portail membres et\/ou notre application membres.<\/p>\n<\/div><\/div><\/div>                <\/div>\n            <\/div>\n        <\/div>\n        \n                \n    <\/div>\n    <\/div>\n\n\n      <div id=\"block_5cc80f1862b08bb15bc531b50f124305\" class=\"block-membership  l-block\" >\n  \n  <hr>\n    <div class=\"faq\">\n    \t<div class=\"container\">\n            <div class=\"row\">\n\t\t\t\t<div class=\"col-md-3\">\n                    <h3 class=\"heading mt-3\">Flex Solo<\/h3>\t\t\t\t<\/div>\n                \n                <div class=\"col-md-9\">\n                    <div class=\"acc\"><div class=\"acc__card\"><div class=\"acc__title\">Puis-je avoir mon propre bureau? <span><\/span><\/div><div class=\"acc__panel\"><p>Oui, tu as ton propre bureau avec un espace de rangement pouvant \u00eatre verrouill\u00e9.<\/p>\n<\/div><\/div><div class=\"acc__card\"><div class=\"acc__title\">Combien d\u2019autres membres y a-t-il dans la m\u00eame salle que moi?  <span><\/span><\/div><div class=\"acc__panel\"><p>Nos espaces <a href=\"https:\/\/flexoffice.swiss\/fr\/abonnements\/flex-solo\/\">Flex Solo<\/a> \u00a0comportent jusqu\u2019\u00e0 10 postes de travail.<br \/>\nL\u2019agencement des salles et les \u00e9l\u00e9ments de s\u00e9paration offrent un maximum d\u2019intimit\u00e9.<\/p>\n<\/div><\/div><\/div>                <\/div>\n            <\/div>\n        <\/div>\n        \n                \n    <\/div>\n    <\/div>\n\n\n      <div id=\"block_a51b52f6c6ffa97a6d13c54f2f519d5b\" class=\"block-membership  l-block\" >\n  \n  <hr>\n    <div class=\"faq\">\n    \t<div class=\"container\">\n            <div class=\"row\">\n\t\t\t\t<div class=\"col-md-3\">\n                    \t\t\t\t<\/div>\n                \n                <div class=\"col-md-9\">\n                                    <\/div>\n            <\/div>\n        <\/div>\n        \n                \n    <\/div>\n    <\/div>\n\n\n      <div id=\"block_50e8d827014e925b02149268ca569b12\" class=\"block-membership  l-block\" >\n  \n  <hr>\n    <div class=\"faq\">\n    \t<div class=\"container\">\n            <div class=\"row\">\n\t\t\t\t<div class=\"col-md-3\">\n                    <h3 class=\"heading mt-3\">Flex Team<\/h3>\t\t\t\t<\/div>\n                \n                <div class=\"col-md-9\">\n                    <div class=\"acc\"><div class=\"acc__card\"><div class=\"acc__title\">Puis-je disposer d\u2019un espace pouvant \u00eatre ferm\u00e9 \u00e0 cl\u00e9? <span><\/span><\/div><div class=\"acc__panel\"><p>Oui, bien s\u00fbr. D\u2019ailleurs, notre syst\u00e8me d\u2019acc\u00e8s par smartphone t&rsquo;offre une flexibilit\u00e9 maximale pour la gestion de tes acc\u00e8s.<\/p>\n<\/div><\/div><\/div>                <\/div>\n            <\/div>\n        <\/div>\n        \n                \n    <\/div>\n    <\/div>\n\n\n      <div id=\"block_842c234d3c6fdf580a754c466ff88248\" class=\"block-membership  l-block\" >\n  \n  <hr>\n    <div class=\"faq\">\n    \t<div class=\"container\">\n            <div class=\"row\">\n\t\t\t\t<div class=\"col-md-3\">\n                    <h3 class=\"heading mt-3\">Flex Corporate<\/h3>\t\t\t\t<\/div>\n                \n                <div class=\"col-md-9\">\n                    <div class=\"acc\"><div class=\"acc__card\"><div class=\"acc__title\">Que se passe-t-il si nous n\u2019avons pas besoin de tous les services FlexOffice parce que nous souhaitons nous en occuper nous-m\u00eames ? <span><\/span><\/div><div class=\"acc__panel\"><p>Cela ne pose pas de probl\u00e8me car tous les services sont optionnels, sauf les basiques comme le nettoyage. Et c&rsquo;est la raison pour laquelle <a href=\"https:\/\/flexoffice.swiss\/fr\/abonnements\/flex-corporate\/\">Flex Corporate<\/a> reste la solution de travail la plus adapt\u00e9e aux besoins \u00ab\u00a0sur mesure\u00a0\u00bb et de personnalisation.<\/p>\n<\/div><\/div><div class=\"acc__card\"><div class=\"acc__title\">Notre espace de travail se trouve-t-il dans un FlexOffice? <span><\/span><\/div><div class=\"acc__panel\"><p>Non, avec <a href=\"https:\/\/flexoffice.swiss\/fr\/abonnements\/flex-corporate\/\">Flex Corporate<\/a>, vous avez votre propre entr\u00e9e et la possibilit\u00e9 d\u2019apposer votre propre style et marque.<br \/>\nC\u2019est comme si vous aviez votre propre espace, mais avec des avantages suppl\u00e9mentaires, comme par exemple acc\u00e9der au FlexOffice \u00e0 proximit\u00e9.<\/p>\n<\/div><\/div><\/div>                <\/div>\n            <\/div>\n        <\/div>\n        \n                    <hr>\n    \t\t<div class=\"container pt-3\">\n    \t\t\t<p>Tu ne trouves pas de r\u00e9ponse \u00e0 ta question? Notre \u00e9quipe se fera un plaisir de t&rsquo;aider.<br>\r\n Appelle-nous au +41 58 255 29 60 ou envoye-nous un e-mail \u00e0 l\u2019adresse hello@flexoffice.swiss<\/p>\n    \t\t<\/div>\n                \n    <\/div>\n    <\/div>\n\n\n<div style=\"height:50px\" aria-hidden=\"true\" class=\"wp-block-spacer\"><\/div>\n","protected":false},"excerpt":{"rendered":"","protected":false},"author":6,"featured_media":7693,"parent":0,"menu_order":0,"comment_status":"closed","ping_status":"closed","template":"","meta":{"_acf_changed":false,"footnotes":""},"class_list":["post-7124","page","type-page","status-publish","has-post-thumbnail",""],"acf":[],"_links":{"self":[{"href":"https:\/\/flexoffice.swiss\/fr\/wp-json\/wp\/v2\/pages\/7124","targetHints":{"allow":["GET"]}}],"collection":[{"href":"https:\/\/flexoffice.swiss\/fr\/wp-json\/wp\/v2\/pages"}],"about":[{"href":"https:\/\/flexoffice.swiss\/fr\/wp-json\/wp\/v2\/types\/page"}],"author":[{"embeddable":true,"href":"https:\/\/flexoffice.swiss\/fr\/wp-json\/wp\/v2\/users\/6"}],"replies":[{"embeddable":true,"href":"https:\/\/flexoffice.swiss\/fr\/wp-json\/wp\/v2\/comments?post=7124"}],"version-history":[{"count":47,"href":"https:\/\/flexoffice.swiss\/fr\/wp-json\/wp\/v2\/pages\/7124\/revisions"}],"predecessor-version":[{"id":9946,"href":"https:\/\/flexoffice.swiss\/fr\/wp-json\/wp\/v2\/pages\/7124\/revisions\/9946"}],"wp:featuredmedia":[{"embeddable":true,"href":"https:\/\/flexoffice.swiss\/fr\/wp-json\/wp\/v2\/media\/7693"}],"wp:attachment":[{"href":"https:\/\/flexoffice.swiss\/fr\/wp-json\/wp\/v2\/media?parent=7124"}],"curies":[{"name":"wp","href":"https:\/\/api.w.org\/{rel}","templated":true}]}}